{"id":11,"date":"2023-06-09T12:23:09","date_gmt":"2023-06-09T09:23:09","guid":{"rendered":"http:\/\/case.sergeyukr.lok\/de\/?page_id=11"},"modified":"2025-11-02T18:17:06","modified_gmt":"2025-11-02T15:17:06","slug":"agb","status":"publish","type":"page","link":"https:\/\/inyourcase.shop\/en\/agb\/","title":{"rendered":"Datenschutzerkl\u00e4rung"},"content":{"rendered":"\n<h1 class=\"wp-block-heading\"><\/h1>\n\n\n\n<h2 class=\"wp-block-heading\">1) Einleitung und Kontaktdaten des Verantwortlichen<\/h2>\n\n\n\n<p><strong>1.1<\/strong>&nbsp;Wir freuen uns, dass Sie unsere Website besuchen, und bedanken uns f\u00fcr Ihr Interesse. Im Folgenden informieren wir Sie \u00fcber den Umgang mit Ihren personenbezogenen Daten bei der Nutzung unserer Website. Personenbezogene Daten sind hierbei alle Daten, mit denen Sie pers\u00f6nlich identifiziert werden k\u00f6nnen.<\/p>\n\n\n\n<p><strong>1.2<\/strong>&nbsp;Verantwortlicher f\u00fcr die Datenverarbeitung auf dieser Website im Sinne der Datenschutz-Grundverordnung (DSGVO) ist Inh.: Mikhail Rozhkov, InYourCase, Feldbergstr. 86, 68163 Mannheim, Deutschland, Tel.: 0160-3260058, E-Mail: info@inyourcase.shop. Der f\u00fcr die Verarbeitung von personenbezogenen Daten Verantwortliche ist diejenige nat\u00fcrliche oder juristische Person, die allein oder gemeinsam mit anderen \u00fcber die Zwecke und Mittel der Verarbeitung von personenbezogenen Daten entscheidet.<\/p>\n\n\n\n<h2 class=\"wp-block-heading\">2) Datenerfassung beim Besuch unserer Website<\/h2>\n\n\n\n<p><strong>2.1<\/strong>&nbsp;Bei der blo\u00df informatorischen Nutzung unserer Website, also wenn Sie sich nicht registrieren oder uns anderweitig Informationen \u00fcbermitteln, erheben wir nur solche Daten, die Ihr Browser an den Seitenserver \u00fcbermittelt (sog. \u201eServer-Logfiles\u201c). Wenn Sie unsere Website aufrufen, erheben wir die folgenden Daten, die f\u00fcr uns technisch erforderlich sind, um Ihnen die Website anzuzeigen:<\/p>\n\n\n\n<ul class=\"wp-block-list\">\n<li>Unsere besuchte Website<\/li>\n\n\n\n<li>Datum und Uhrzeit zum Zeitpunkt des Zugriffes<\/li>\n\n\n\n<li>Menge der gesendeten Daten in Byte<\/li>\n\n\n\n<li>Quelle\/Verweis, von welchem Sie auf die Seite gelangten<\/li>\n\n\n\n<li>Verwendeter Browser<\/li>\n\n\n\n<li>Verwendetes Betriebssystem<\/li>\n\n\n\n<li>Verwendete IP-Adresse (ggf.: in anonymisierter Form)<\/li>\n<\/ul>\n\n\n\n<p>Die Verarbeitung erfolgt gem\u00e4\u00df Art. 6 Abs. 1 lit. f DSGVO auf Basis unseres berechtigten Interesses an der Verbesserung der Stabilit\u00e4t und Funktionalit\u00e4t unserer Website. Eine Weitergabe oder anderweitige Verwendung der Daten findet nicht statt. Wir behalten uns allerdings vor, die Server-Logfiles nachtr\u00e4glich zu \u00fcberpr\u00fcfen, sollten konkrete Anhaltspunkte auf eine rechtswidrige Nutzung hinweisen.<\/p>\n\n\n\n<p><strong>2.2<\/strong>&nbsp;Diese Website nutzt aus Sicherheitsgr\u00fcnden und zum Schutz der \u00dcbertragung personenbezogener Daten und anderer vertraulicher Inhalte (z.B. Bestellungen oder Anfragen an den Verantwortlichen) eine SSL-bzw. TLS-Verschl\u00fcsselung. Sie k\u00f6nnen eine verschl\u00fcsselte Verbindung an der Zeichenfolge \u201ehttps:\/\/\u201c und dem Schloss-Symbol in Ihrer Browserzeile erkennen.<\/p>\n\n\n\n<h2 class=\"wp-block-heading\">3) Hosting &#038; Content-Delivery-Network<\/h2>\n\n\n\n<p>F\u00fcr das Hosting unserer Website und die Darstellung der Seiteninhalte nutzen wir einen Anbieter, der seine Leistungen selbst oder durch ausgew\u00e4hlte Sub-Unternehmer ausschlie\u00dflich auf Servern innerhalb der Europ\u00e4ischen Union erbringt.<\/p>\n\n\n\n<p>S\u00e4mtliche auf unserer Website erhobenen Daten werden auf diesen Servern verarbeitet.<\/p>\n\n\n\n<p>Wir haben mit dem Anbieter einen Auftragsverarbeitungsvertrag geschlossen, der den Schutz der Daten unserer Seitenbesucher sicherstellt und eine unberechtigte Weitergabe an Dritte untersagt.<\/p>\n\n\n\n<h2 class=\"wp-block-heading\">4) Cookies<\/h2>\n\n\n\n<p>Um den Besuch unserer Website attraktiv zu gestalten und die Nutzung bestimmter Funktionen zu erm\u00f6glichen, verwenden wir Cookies, also kleine Textdateien, die auf Ihrem Endger\u00e4t abgelegt werden. Teilweise werden diese Cookies nach Schlie\u00dfen des Browsers automatisch wieder gel\u00f6scht (sog. \u201eSession-Cookies\u201c), teilweise verbleiben diese Cookies l\u00e4nger auf Ihrem Endger\u00e4t und erm\u00f6glichen das Speichern von Seiteneinstellungen (sog. \u201epersistente Cookies\u201c). Im letzteren Fall k\u00f6nnen Sie die Speicherdauer der \u00dcbersicht zu den Cookie-Einstellungen Ihres Webbrowsers entnehmen.<\/p>\n\n\n\n<p>Sofern durch einzelne von uns eingesetzte Cookies auch personenbezogene Daten verarbeitet werden, erfolgt die Verarbeitung gem\u00e4\u00df Art. 6 Abs. 1 lit. b DSGVO entweder zur Durchf\u00fchrung des Vertrages, gem\u00e4\u00df Art. 6 Abs. 1 lit. a DSGVO im Falle einer erteilten Einwilligung oder gem\u00e4\u00df Art. 6 Abs. 1 lit. f DSGVO zur Wahrung unserer berechtigten Interessen an der bestm\u00f6glichen Funktionalit\u00e4t der Website sowie einer kundenfreundlichen und effektiven Ausgestaltung des Seitenbesuchs.<\/p>\n\n\n\n<p>Sie k\u00f6nnen Ihren Browser so einstellen, dass Sie \u00fcber das Setzen von Cookies informiert werden und einzeln \u00fcber deren Annahme entscheiden oder die Annahme von Cookies f\u00fcr bestimmte F\u00e4lle oder generell ausschlie\u00dfen k\u00f6nnen.<\/p>\n\n\n\n<p>Bitte beachten Sie, dass bei Nichtannahme von Cookies die Funktionalit\u00e4t unserer Website eingeschr\u00e4nkt sein kann.<\/p>\n\n\n\n<h2 class=\"wp-block-heading\">5) Kontaktaufnahme<\/h2>\n\n\n\n<p>Im Rahmen der Kontaktaufnahme mit uns (z.B. per Kontaktformular oder E-Mail) werden personenbezogene Daten erhoben. Welche Daten im Falle der Nutzung eines Kontaktformulars erhoben werden, ist aus dem jeweiligen Kontaktformular ersichtlich. Diese Daten werden ausschlie\u00dflich zum Zweck der Beantwortung Ihres Anliegens bzw. f\u00fcr die Kontaktaufnahme und die damit verbundene technische Administration gespeichert und verwendet.<\/p>\n\n\n\n<p>Rechtsgrundlage f\u00fcr die Verarbeitung dieser Daten ist unser berechtigtes Interesse an der Beantwortung Ihres Anliegens gem\u00e4\u00df Art. 6 Abs. 1 lit. f DSGVO. Zielt Ihre Kontaktierung auf den Abschluss eines Vertrages ab, so ist zus\u00e4tzliche Rechtsgrundlage f\u00fcr die Verarbeitung Art. 6 Abs. 1 lit. b DSGVO. Ihre Daten werden nach abschlie\u00dfender Bearbeitung Ihrer Anfrage gel\u00f6scht. Dies ist der Fall, wenn sich aus den Umst\u00e4nden entnehmen l\u00e4sst, dass der betroffene Sachverhalt abschlie\u00dfend gekl\u00e4rt ist und sofern keine gesetzlichen Aufbewahrungspflichten entgegenstehen.<\/p>\n\n\n\n<h2 class=\"wp-block-heading\">6) Seitenfunktionalit\u00e4ten<\/h2>\n\n\n\n<p>Youtube<\/p>\n\n\n\n<p>Diese Website nutzt Plugins zur Anzeige und Wiedergabe von Videos des folgenden Anbieters: Google Ireland Limited, Gordon House, 4 Barrow St, Dublin, D04 E5W5, Irland<\/p>\n\n\n\n<p>Daten k\u00f6nnen zudem \u00fcbermittelt werden an: Google LLC., USA<\/p>\n\n\n\n<p>Wenn Sie eine Seite unseres Internetauftritts aufrufen, die ein solches Plugin enth\u00e4lt, stellt Ihr Browser sp\u00e4testens im Zeitpunkt der Video-Wiedergabe eine direkte Verbindung zu den Servern des Anbieters her, um die Inhalte zu laden. Hierbei werden bestimmte Informationen, einschlie\u00dflich Ihrer IP-Adresse, an den Anbieter \u00fcbermittelt.<\/p>\n\n\n\n<p>Wird die Wiedergabe eingebetteter Videos \u00fcber das Plugin gestartet, setzt der Anbieter zudem Cookies ein, um Informationen \u00fcber das Nutzerverhalten zu sammeln, Wiedergabestatistiken zu erstellen und missbr\u00e4uchliches Verhalten zu unterbinden.<\/p>\n\n\n\n<p>Sind Sie w\u00e4hrend Ihres Seitenbesuchs in einem Nutzerkonto beim Anbieter eingeloggt, werden Ihre Daten beim Klick auf ein Video direkt Ihrem Konto zugeordnet. Wenn Sie die Zuordnung zu Ihrem Konto nicht w\u00fcnschen, m\u00fcssen Sie sich vor Bet\u00e4tigung der Wiedergabeschaltfl\u00e4che ausloggen.<\/p>\n\n\n\n<p>Alle vorgenannten Verarbeitungen, insbesondere das Setzen von Cookies f\u00fcr das Auslesen von Informationen auf dem verwendeten Endger\u00e4t, erfolgen nur, wenn Sie uns hierzu Ihre ausdr\u00fcckliche Einwilligung gem. Art. 6 Abs. 1 lit. a DSGVO erteilt haben. Die erteilte Einwilligung k\u00f6nnen Sie jederzeit mit Wirkung f\u00fcr die Zukunft widerrufen, indem Sie diesen Dienst \u00fcber das auf der Webseite bereitgestellte \u201eCookie-Consent-Tool\u201c deaktivieren.<\/p>\n\n\n\n<p>F\u00fcr Daten\u00fcbermittlungen in die USA hat sich der Anbieter dem EU-US-Datenschutzrahmen (EU-US Data Privacy Framework) angeschlossen, das auf Basis eines Angemessenheitsbeschlusses der Europ\u00e4ischen Kommission die Einhaltung des europ\u00e4ischen Datenschutzniveaus&nbsp;sicherstellt.<\/p>\n\n\n\n<h2 class=\"wp-block-heading\">7) Tools und Sonstiges<\/h2>\n\n\n\n<p>&#8211; Billbee<\/p>\n\n\n\n<p>F\u00fcr die Erledigung der Buchhaltung nutzen wir den Service der cloudbasierten Buchhaltungssoftware des folgenden Anbieters: Billbee GmbH, Arolser Str. 10, 34477 Twistetal, Deutschland<\/p>\n\n\n\n<p>Der Anbieter verarbeitet Eingangs- und Ausgangsrechnungen sowie ggf. auch die Bankbewegungen unseres Unternehmens, um Rechnungen automatisch zu erfassen, zu den Transaktionen zu matchen und hieraus in einem teilautomatisierten Prozess die Finanzbuchhaltung zu erstellen.<\/p>\n\n\n\n<p>Sofern hierbei auch personenbezogene Daten verarbeitet werden, erfolgt die Verarbeitung auf Basis unseres berechtigten Interesses an einer effizienten Organisation und Dokumentation unserer Gesch\u00e4ftsvorg\u00e4nge gem\u00e4\u00df Art. 6 Abs. 1 lit. f DSGVO.<br>&#8211; sevDesk<\/p>\n\n\n\n<p>F\u00fcr die Erledigung der Buchhaltung nutzen wir den Service der cloudbasierten Buchhaltungssoftware des folgenden Anbieters: sevDesk GmbH, Hauptstra\u00dfe 115, 77652 Offenburg, Deutschland<\/p>\n\n\n\n<p>Der Anbieter verarbeitet Eingangs- und Ausgangsrechnungen sowie ggf. auch die Bankbewegungen unseres Unternehmens, um Rechnungen automatisch zu erfassen, zu den Transaktionen zu matchen und hieraus in einem teilautomatisierten Prozess die Finanzbuchhaltung zu erstellen.<\/p>\n\n\n\n<p>Sofern hierbei auch personenbezogene Daten verarbeitet werden, erfolgt die Verarbeitung auf Basis unseres berechtigten Interesses an einer effizienten Organisation und Dokumentation unserer Gesch\u00e4ftsvorg\u00e4nge gem\u00e4\u00df Art. 6 Abs. 1 lit. f DSGVO.<\/p>\n\n\n\n<h2 class=\"wp-block-heading\">8) Rechte des Betroffenen<\/h2>\n\n\n\n<p><strong>8.1<\/strong>&nbsp;Das geltende Datenschutzrecht gew\u00e4hrt Ihnen gegen\u00fcber dem Verantwortlichen hinsichtlich der Verarbeitung Ihrer personenbezogenen Daten die nachstehenden Betroffenenrechte (Auskunfts- und Interventionsrechte), wobei f\u00fcr die jeweiligen Aus\u00fcbungsvoraussetzungen auf die angef\u00fchrte Rechtsgrundlage verwiesen wird:<\/p>\n\n\n\n<ul class=\"wp-block-list\">\n<li>Auskunftsrecht gem\u00e4\u00df Art. 15 DSGVO;<\/li>\n\n\n\n<li>Recht auf Berichtigung gem\u00e4\u00df Art. 16 DSGVO;<\/li>\n\n\n\n<li>Recht auf L\u00f6schung gem\u00e4\u00df Art. 17 DSGVO;<\/li>\n\n\n\n<li>Recht auf Einschr\u00e4nkung der Verarbeitung gem\u00e4\u00df Art. 18 DSGVO;<\/li>\n\n\n\n<li>Recht auf Unterrichtung gem\u00e4\u00df Art. 19 DSGVO;<\/li>\n\n\n\n<li>Recht auf Daten\u00fcbertragbarkeit gem\u00e4\u00df Art. 20 DSGVO;<\/li>\n\n\n\n<li>Recht auf Widerruf erteilter Einwilligungen gem\u00e4\u00df Art. 7 Abs. 3 DSGVO;<\/li>\n\n\n\n<li>Recht auf Beschwerde gem\u00e4\u00df Art. 77 DSGVO.<\/li>\n<\/ul>\n\n\n\n<p><strong>8.2<\/strong>&nbsp;WIDERSPRUCHSRECHT<\/p>\n\n\n\n<p>WENN WIR IM RAHMEN EINER INTERESSENABW\u00c4GUNG IHRE PERSONENBEZOGENEN DATEN AUFGRUND UNSERES \u00dcBERWIEGENDEN BERECHTIGTEN INTERESSES VERARBEITEN, HABEN SIE DAS JEDERZEITIGE RECHT, AUS GR\u00dcNDEN, DIE SICH AUS IHRER BESONDEREN SITUATION ERGEBEN, GEGEN DIESE VERARBEITUNG WIDERSPRUCH MIT WIRKUNG F\u00dcR DIE ZUKUNFT EINZULEGEN.<\/p>\n\n\n\n<p>MACHEN SIE VON IHREM WIDERSPRUCHSRECHT GEBRAUCH, BEENDEN WIR DIE VERARBEITUNG DER BETROFFENEN DATEN. EINE WEITERVERARBEITUNG BLEIBT ABER VORBEHALTEN, WENN WIR ZWINGENDE SCHUTZW\u00dcRDIGE GR\u00dcNDE F\u00dcR DIE VERARBEITUNG NACHWEISEN K\u00d6NNEN, DIE IHRE INTERESSEN, GRUNDRECHTE UND GRUNDFREIHEITEN \u00dcBERWIEGEN, ODER WENN DIE VERARBEITUNG DER GELTENDMACHUNG, AUS\u00dcBUNG ODER VERTEIDIGUNG VON RECHTSANSPR\u00dcCHEN DIENT.<\/p>\n\n\n\n<p>WERDEN IHRE PERSONENBEZOGENEN DATEN VON UNS VERARBEITET, UM DIREKTWERBUNG ZU BETREIBEN, HABEN SIE DAS RECHT, JEDERZEIT WIDERSPRUCH GEGEN DIE VERARBEITUNG SIE BETREFFENDER PERSONENBEZOGENER DATEN ZUM ZWECKE DERARTIGER WERBUNG EINZULEGEN. SIE K\u00d6NNEN DEN WIDERSPRUCH WIE OBEN BESCHRIEBEN AUS\u00dcBEN.<\/p>\n\n\n\n<p>MACHEN SIE VON IHREM WIDERSPRUCHSRECHT GEBRAUCH, BEENDEN WIR DIE VERARBEITUNG DER BETROFFENEN DATEN ZU DIREKTWERBEZWECKEN.<\/p>\n\n\n\n<h2 class=\"wp-block-heading\">9) Dauer der Speicherung personenbezogener Daten<\/h2>\n\n\n\n<p>Die Dauer der Speicherung von personenbezogenen Daten bemisst sich anhand der jeweiligen Rechtsgrundlage, am Verarbeitungszweck und \u2013 sofern einschl\u00e4gig \u2013 zus\u00e4tzlich anhand der jeweiligen gesetzlichen Aufbewahrungsfrist (z.B. handels- und steuerrechtliche Aufbewahrungsfristen).<\/p>\n\n\n\n<p>Bei der Verarbeitung von personenbezogenen Daten auf Grundlage einer ausdr\u00fccklichen Einwilligung gem\u00e4\u00df Art. 6 Abs. 1 lit. a DSGVO werden die betroffenen Daten so lange gespeichert, bis Sie Ihre Einwilligung widerrufen.<\/p>\n\n\n\n<p>Existieren gesetzliche Aufbewahrungsfristen f\u00fcr Daten, die im Rahmen rechtsgesch\u00e4ftlicher bzw. rechtsgesch\u00e4fts\u00e4hnlicher Verpflichtungen auf der Grundlage von Art. 6 Abs. 1 lit. b DSGVO verarbeitet werden, werden diese Daten nach Ablauf der Aufbewahrungsfristen routinem\u00e4\u00dfig gel\u00f6scht, sofern sie nicht mehr zur Vertragserf\u00fcllung oder Vertragsanbahnung erforderlich sind und\/oder unsererseits kein berechtigtes Interesse an der Weiterspeicherung fortbesteht.<\/p>\n\n\n\n<p>Bei der Verarbeitung von personenbezogenen Daten auf Grundlage von Art. 6 Abs. 1 lit. f DSGVO werden diese Daten so lange gespeichert, bis Sie Ihr Widerspruchsrecht nach Art. 21 Abs. 1 DSGVO aus\u00fcben, es sei denn, wir k\u00f6nnen zwingende schutzw\u00fcrdige Gr\u00fcnde f\u00fcr die Verarbeitung nachweisen, die Ihre Interessen, Rechte und Freiheiten \u00fcberwiegen, oder die Verarbeitung dient der Geltendmachung, Aus\u00fcbung oder Verteidigung von Rechtsanspr\u00fcchen.<\/p>\n\n\n\n<p>Bei der Verarbeitung von personenbezogenen Daten zum Zwecke der Direktwerbung auf Grundlage von Art. 6 Abs. 1 lit. f DSGVO werden diese Daten so lange gespeichert, bis Sie Ihr Widerspruchsrecht nach Art. 21 Abs. 2 DSGVO aus\u00fcben.<\/p>\n\n\n\n<p>Sofern sich aus den sonstigen Informationen dieser Erkl\u00e4rung \u00fcber spezifische Verarbeitungssituationen nichts anderes ergibt, werden gespeicherte personenbezogene Daten im \u00dcbrigen dann gel\u00f6scht, wenn sie f\u00fcr die Zwecke, f\u00fcr die sie erhoben oder auf sonstige Weise verarbeitet wurden, nicht mehr notwendig sind.<\/p>\n\n\n\n<figure class=\"wp-block-image\"><a href=\"https:\/\/www.it-recht-kanzlei.de\/\" target=\"_blank\" rel=\"noreferrer noopener\"><img decoding=\"async\" src=\"https:\/\/www.it-recht-kanzlei.de\/logo\/Copyright-Logo_Datenschutzerklaerung.png?i=45ad4-2c256-39c8-907e-1\" alt=\"\u00a9 IT-Recht Kanzlei\" title=\"\u00a9 IT-Recht Kanzlei\"\/><\/a><\/figure>\n\n\n\n<p>Stand: 02.11.2025, 15:58:25 Uhr<\/p>\n\n\n\n<p><\/p>\n","protected":false},"excerpt":{"rendered":"<p>1) Einleitung und Kontaktdaten des Verantwortlichen 1.1&nbsp;Wir freuen uns, dass Sie unsere Website besuchen, und bedanken uns f\u00fcr Ihr Interesse. Im Folgenden informieren wir Sie \u00fcber den Umgang mit Ihren personenbezogenen Daten bei der Nutzung unserer Website. Personenbezogene Daten sind hierbei alle Daten, mit denen Sie pers\u00f6nlich identifiziert werden k\u00f6nnen. 1.2&nbsp;Verantwortlicher f\u00fcr die Datenverarbeitung auf [&hellip;]<\/p>\n","protected":false},"author":2,"featured_media":0,"parent":0,"menu_order":0,"comment_status":"closed","ping_status":"closed","template":"","meta":{"_acf_changed":false,"footnotes":""},"class_list":["post-11","page","type-page","status-publish","hentry"],"acf":[],"yoast_head":"<!-- This site is optimized with the Yoast SEO plugin v27.4 - https:\/\/yoast.com\/product\/yoast-seo-wordpress\/ -->\n<title>Datenschutzerkl\u00e4rung<\/title>\n<meta name=\"robots\" content=\"index, follow, max-snippet:-1, max-image-preview:large, max-video-preview:-1\" \/>\n<link rel=\"canonical\" href=\"https:\/\/inyourcase.shop\/en\/agb\/\" \/>\n<meta property=\"og:locale\" content=\"en_US\" \/>\n<meta property=\"og:locale:alternate\" content=\"de_DE\" \/>\n<meta property=\"og:type\" content=\"article\" \/>\n<meta property=\"og:title\" content=\"Datenschutzerkl\u00e4rung\" \/>\n<meta property=\"og:description\" content=\"1) Einleitung und Kontaktdaten des Verantwortlichen 1.1&nbsp;Wir freuen uns, dass Sie unsere Website besuchen, und bedanken uns f\u00fcr Ihr Interesse. Im Folgenden informieren wir Sie \u00fcber den Umgang mit Ihren personenbezogenen Daten bei der Nutzung unserer Website. Personenbezogene Daten sind hierbei alle Daten, mit denen Sie pers\u00f6nlich identifiziert werden k\u00f6nnen. 1.2&nbsp;Verantwortlicher f\u00fcr die Datenverarbeitung auf [&hellip;]\" \/>\n<meta property=\"og:url\" content=\"https:\/\/inyourcase.shop\/en\/agb\/\" \/>\n<meta property=\"og:site_name\" content=\"InYourCase Spin Scrubber\" \/>\n<meta property=\"article:modified_time\" content=\"2025-11-02T15:17:06+00:00\" \/>\n<meta property=\"og:image\" content=\"https:\/\/www.it-recht-kanzlei.de\/logo\/Copyright-Logo_Datenschutzerklaerung.png?i=45ad4-2c256-39c8-907e-1\" \/>\n<meta name=\"twitter:card\" content=\"summary_large_image\" \/>\n<meta name=\"twitter:label1\" content=\"Est. reading time\" \/>\n\t<meta name=\"twitter:data1\" content=\"10 minutes\" \/>\n<script type=\"application\/ld+json\" class=\"yoast-schema-graph\">{\"@context\":\"https:\\\/\\\/schema.org\",\"@graph\":[{\"@type\":\"WebPage\",\"@id\":\"https:\\\/\\\/inyourcase.shop\\\/de\\\/agb\\\/\",\"url\":\"https:\\\/\\\/inyourcase.shop\\\/de\\\/agb\\\/\",\"name\":\"Datenschutzerkl\u00e4rung\",\"isPartOf\":{\"@id\":\"https:\\\/\\\/inyourcase.shop\\\/en\\\/#website\"},\"primaryImageOfPage\":{\"@id\":\"https:\\\/\\\/inyourcase.shop\\\/de\\\/agb\\\/#primaryimage\"},\"image\":{\"@id\":\"https:\\\/\\\/inyourcase.shop\\\/de\\\/agb\\\/#primaryimage\"},\"thumbnailUrl\":\"https:\\\/\\\/www.it-recht-kanzlei.de\\\/logo\\\/Copyright-Logo_Datenschutzerklaerung.png?i=45ad4-2c256-39c8-907e-1\",\"datePublished\":\"2023-06-09T09:23:09+00:00\",\"dateModified\":\"2025-11-02T15:17:06+00:00\",\"breadcrumb\":{\"@id\":\"https:\\\/\\\/inyourcase.shop\\\/de\\\/agb\\\/#breadcrumb\"},\"inLanguage\":\"en-US\",\"potentialAction\":[{\"@type\":\"ReadAction\",\"target\":[\"https:\\\/\\\/inyourcase.shop\\\/de\\\/agb\\\/\"]}]},{\"@type\":\"ImageObject\",\"inLanguage\":\"en-US\",\"@id\":\"https:\\\/\\\/inyourcase.shop\\\/de\\\/agb\\\/#primaryimage\",\"url\":\"https:\\\/\\\/www.it-recht-kanzlei.de\\\/logo\\\/Copyright-Logo_Datenschutzerklaerung.png?i=45ad4-2c256-39c8-907e-1\",\"contentUrl\":\"https:\\\/\\\/www.it-recht-kanzlei.de\\\/logo\\\/Copyright-Logo_Datenschutzerklaerung.png?i=45ad4-2c256-39c8-907e-1\"},{\"@type\":\"BreadcrumbList\",\"@id\":\"https:\\\/\\\/inyourcase.shop\\\/de\\\/agb\\\/#breadcrumb\",\"itemListElement\":[{\"@type\":\"ListItem\",\"position\":1,\"name\":\"Home\",\"item\":\"https:\\\/\\\/inyourcase.shop\\\/en\\\/\"},{\"@type\":\"ListItem\",\"position\":2,\"name\":\"Datenschutzerkl\u00e4rung\"}]},{\"@type\":\"WebSite\",\"@id\":\"https:\\\/\\\/inyourcase.shop\\\/en\\\/#website\",\"url\":\"https:\\\/\\\/inyourcase.shop\\\/en\\\/\",\"name\":\"InYourCase Spin Scrubber\",\"description\":\"Electric Brush Presentation\",\"potentialAction\":[{\"@type\":\"SearchAction\",\"target\":{\"@type\":\"EntryPoint\",\"urlTemplate\":\"https:\\\/\\\/inyourcase.shop\\\/en\\\/?s={search_term_string}\"},\"query-input\":{\"@type\":\"PropertyValueSpecification\",\"valueRequired\":true,\"valueName\":\"search_term_string\"}}],\"inLanguage\":\"en-US\"}]}<\/script>\n<!-- \/ Yoast SEO plugin. -->","yoast_head_json":{"title":"Datenschutzerkl\u00e4rung","robots":{"index":"index","follow":"follow","max-snippet":"max-snippet:-1","max-image-preview":"max-image-preview:large","max-video-preview":"max-video-preview:-1"},"canonical":"https:\/\/inyourcase.shop\/en\/agb\/","og_locale":"en_US","og_type":"article","og_title":"[:de]Datenschutzerkl\u00e4rung[:en]Datenschutzerkl\u00e4rung[:] - InYourCase Spin Scrubber","og_description":"1) Einleitung und Kontaktdaten des Verantwortlichen 1.1&nbsp;Wir freuen uns, dass Sie unsere Website besuchen, und bedanken uns f\u00fcr Ihr Interesse. Im Folgenden informieren wir Sie \u00fcber den Umgang mit Ihren personenbezogenen Daten bei der Nutzung unserer Website. Personenbezogene Daten sind hierbei alle Daten, mit denen Sie pers\u00f6nlich identifiziert werden k\u00f6nnen. 1.2&nbsp;Verantwortlicher f\u00fcr die Datenverarbeitung auf [&hellip;]","og_url":"https:\/\/inyourcase.shop\/en\/agb\/","og_site_name":"InYourCase Spin Scrubber","article_modified_time":"2025-11-02T15:17:06+00:00","og_image":[{"url":"https:\/\/www.it-recht-kanzlei.de\/logo\/Copyright-Logo_Datenschutzerklaerung.png?i=45ad4-2c256-39c8-907e-1","type":"","width":"","height":""}],"twitter_card":"summary_large_image","twitter_misc":{"Est. reading time":"10 minutes"},"schema":{"@context":"https:\/\/schema.org","@graph":[{"@type":"WebPage","@id":"https:\/\/inyourcase.shop\/de\/agb\/","url":"https:\/\/inyourcase.shop\/de\/agb\/","name":"Datenschutzerkl\u00e4rung","isPartOf":{"@id":"https:\/\/inyourcase.shop\/en\/#website"},"primaryImageOfPage":{"@id":"https:\/\/inyourcase.shop\/de\/agb\/#primaryimage"},"image":{"@id":"https:\/\/inyourcase.shop\/de\/agb\/#primaryimage"},"thumbnailUrl":"https:\/\/www.it-recht-kanzlei.de\/logo\/Copyright-Logo_Datenschutzerklaerung.png?i=45ad4-2c256-39c8-907e-1","datePublished":"2023-06-09T09:23:09+00:00","dateModified":"2025-11-02T15:17:06+00:00","breadcrumb":{"@id":"https:\/\/inyourcase.shop\/de\/agb\/#breadcrumb"},"inLanguage":"en-US","potentialAction":[{"@type":"ReadAction","target":["https:\/\/inyourcase.shop\/de\/agb\/"]}]},{"@type":"ImageObject","inLanguage":"en-US","@id":"https:\/\/inyourcase.shop\/de\/agb\/#primaryimage","url":"https:\/\/www.it-recht-kanzlei.de\/logo\/Copyright-Logo_Datenschutzerklaerung.png?i=45ad4-2c256-39c8-907e-1","contentUrl":"https:\/\/www.it-recht-kanzlei.de\/logo\/Copyright-Logo_Datenschutzerklaerung.png?i=45ad4-2c256-39c8-907e-1"},{"@type":"BreadcrumbList","@id":"https:\/\/inyourcase.shop\/de\/agb\/#breadcrumb","itemListElement":[{"@type":"ListItem","position":1,"name":"Home","item":"https:\/\/inyourcase.shop\/en\/"},{"@type":"ListItem","position":2,"name":"Datenschutzerkl\u00e4rung"}]},{"@type":"WebSite","@id":"https:\/\/inyourcase.shop\/en\/#website","url":"https:\/\/inyourcase.shop\/en\/","name":"InYourCase Spin Scrubber","description":"Electric Brush Presentation","potentialAction":[{"@type":"SearchAction","target":{"@type":"EntryPoint","urlTemplate":"https:\/\/inyourcase.shop\/en\/?s={search_term_string}"},"query-input":{"@type":"PropertyValueSpecification","valueRequired":true,"valueName":"search_term_string"}}],"inLanguage":"en-US"}]}},"_hostinger_reach_plugin_has_subscription_block":false,"_hostinger_reach_plugin_is_elementor":false,"_links":{"self":[{"href":"https:\/\/inyourcase.shop\/en\/wp-json\/wp\/v2\/pages\/11","targetHints":{"allow":["GET"]}}],"collection":[{"href":"https:\/\/inyourcase.shop\/en\/wp-json\/wp\/v2\/pages"}],"about":[{"href":"https:\/\/inyourcase.shop\/en\/wp-json\/wp\/v2\/types\/page"}],"author":[{"embeddable":true,"href":"https:\/\/inyourcase.shop\/en\/wp-json\/wp\/v2\/users\/2"}],"replies":[{"embeddable":true,"href":"https:\/\/inyourcase.shop\/en\/wp-json\/wp\/v2\/comments?post=11"}],"version-history":[{"count":26,"href":"https:\/\/inyourcase.shop\/en\/wp-json\/wp\/v2\/pages\/11\/revisions"}],"predecessor-version":[{"id":199,"href":"https:\/\/inyourcase.shop\/en\/wp-json\/wp\/v2\/pages\/11\/revisions\/199"}],"wp:attachment":[{"href":"https:\/\/inyourcase.shop\/en\/wp-json\/wp\/v2\/media?parent=11"}],"curies":[{"name":"wp","href":"https:\/\/api.w.org\/{rel}","templated":true}]}}